{"id":79,"date":"2025-08-23T16:03:30","date_gmt":"2025-08-23T16:03:30","guid":{"rendered":"https:\/\/contato.salvittafisioterapia.com.br\/?page_id=79"},"modified":"2025-09-05T14:57:32","modified_gmt":"2025-09-05T14:57:32","slug":"contato-salvitta","status":"publish","type":"page","link":"https:\/\/contato.salvittafisioterapia.com.br\/","title":{"rendered":"Contato Salvitta"},"content":{"rendered":"\t\t<div data-elementor-type=\"wp-page\" data-elementor-id=\"79\" class=\"elementor elementor-79\">\n\t\t\t\t<div class=\"elementor-element elementor-element-2f0b639 e-flex e-con-boxed e-con e-parent\" data-id=\"2f0b639\" data-element_type=\"container\" data-e-type=\"container\">\n\t\t\t\t\t<div class=\"e-con-inner\">\n\t\t\t\t<div class=\"elementor-element elementor-element-d558837 elementor-widget elementor-widget-link-in-bio\" data-id=\"d558837\" data-element_type=\"widget\" data-e-type=\"widget\" data-widget_type=\"link-in-bio.default\">\n\t\t\t\t<div class=\"elementor-widget-container\">\n\t\t\t\t\t\t\t<div class=\"e-link-in-bio e-link-in-bio\">\n\t\t\t<div class=\"e-link-in-bio__content\">\n\n\t\t\t\t\t\t<div class=\"e-link-in-bio__identity\">\n\t\t\t\t\t\t\t\t\t<div class=\"e-link-in-bio__identity-image e-link-in-bio__identity-image-profile has-style-circle\">\n\t\t\t\t\t\t\t<img fetchpriority=\"high\" decoding=\"async\" width=\"272\" height=\"300\" src=\"https:\/\/contato.salvittafisioterapia.com.br\/wp-content\/uploads\/2025\/08\/Salvitta-42x46.png\" class=\"e-link-in-bio__identity-image-element\" alt=\"\" srcset=\"https:\/\/contato.salvittafisioterapia.com.br\/wp-content\/uploads\/2025\/08\/Salvitta-272x300.png 272w, https:\/\/contato.salvittafisioterapia.com.br\/wp-content\/uploads\/2025\/08\/Salvitta-42x46.png 42w, https:\/\/contato.salvittafisioterapia.com.br\/wp-content\/uploads\/2025\/08\/Salvitta.png 735w\" sizes=\"(max-width: 272px) 100vw, 272px\" \/>\t\t\t\t\t\t\t\t\t\t\t\t\t<\/div>\n\t\t\t\t\t\t\t<\/div>\n\t\t\t\t\t<div class=\"e-link-in-bio__bio\">\n\t\t\t\t<h2 class=\"e-link-in-bio__heading\">Salvitta\n<\/h2>\t\t\t\t<h3 class=\"e-link-in-bio__title\">Servi\u00e7os de Fisioterapia<\/h3>\t\t\t\t\t\t\t\t<p class=\"e-link-in-bio__description\">Servi\u00e7os de Fisioterpia para Idosos<\/p>\t\t\t<\/div>\n\t\t\t\t\t<div class=\"e-link-in-bio__icons has-size-small\">\n\t\t\t\t\t\t\t<div class=\"e-link-in-bio__icon is-size-small\">\n\t\t\t\t\t<a aria-label=\"WhatsApp\" class=\"e-link-in-bio__icon-link\" href=\"https:\/\/wa.me\/https:\/\/wa.me\/+5511916152598?text=Ol%C3%A1!%20Gostaria%20de%20Agendar%20uma%20Avalia%C3%A7%C3%A3o.\">\n\t\t\t\t\t\t<span class=\"e-link-in-bio__icon-svg\">\n\t\t\t\t\t\t\t<svg aria-hidden=\"true\" class=\"e-font-icon-svg e-fab-whatsapp\" viewBox=\"0 0 448 512\" xmlns=\"http:\/\/www.w3.org\/2000\/svg\"><path d=\"M380.9 97.1C339 55.1 283.2 32 223.9 32c-122.4 0-222 99.6-222 222 0 39.1 10.2 77.3 29.6 111L0 480l117.7-30.9c32.4 17.7 68.9 27 106.1 27h.1c122.3 0 224.1-99.6 224.1-222 0-59.3-25.2-115-67.1-157zm-157 341.6c-33.2 0-65.7-8.9-94-25.7l-6.7-4-69.8 18.3L72 359.2l-4.4-7c-18.5-29.4-28.2-63.3-28.2-98.2 0-101.7 82.8-184.5 184.6-184.5 49.3 0 95.6 19.2 130.4 54.1 34.8 34.9 56.2 81.2 56.1 130.5 0 101.8-84.9 184.6-186.6 184.6zm101.2-138.2c-5.5-2.8-32.8-16.2-37.9-18-5.1-1.9-8.8-2.8-12.5 2.8-3.7 5.6-14.3 18-17.6 21.8-3.2 3.7-6.5 4.2-12 1.4-32.6-16.3-54-29.1-75.5-66-5.7-9.8 5.7-9.1 16.3-30.3 1.8-3.7.9-6.9-.5-9.7-1.4-2.8-12.5-30.1-17.1-41.2-4.5-10.8-9.1-9.3-12.5-9.5-3.2-.2-6.9-.2-10.6-.2-3.7 0-9.7 1.4-14.8 6.9-5.1 5.6-19.4 19-19.4 46.3 0 27.3 19.9 53.7 22.6 57.4 2.8 3.7 39.1 59.7 94.8 83.8 35.2 15.2 49 16.5 66.6 13.9 10.7-1.6 32.8-13.4 37.4-26.4 4.6-13 4.6-24.1 3.2-26.4-1.3-2.5-5-3.9-10.5-6.6z\"><\/path><\/svg>\t\t\t\t\t\t<\/span>\n\t\t\t\t\t\t\t\t\t\t\t<\/a>\n\t\t\t\t<\/div>\n\t\t\t\t\t\t\t<div class=\"e-link-in-bio__icon is-size-small\">\n\t\t\t\t\t<a href=\"https:\/\/www.instagram.com\/salvitta_fisioterapia\/\" target=\"_blank\" rel=\"noopener \" aria-label=\"Instagram\" class=\"e-link-in-bio__icon-link\">\n\t\t\t\t\t\t<span class=\"e-link-in-bio__icon-svg\">\n\t\t\t\t\t\t\t<svg aria-hidden=\"true\" class=\"e-font-icon-svg e-fab-instagram\" viewBox=\"0 0 448 512\" xmlns=\"http:\/\/www.w3.org\/2000\/svg\"><path d=\"M224.1 141c-63.6 0-114.9 51.3-114.9 114.9s51.3 114.9 114.9 114.9S339 319.5 339 255.9 287.7 141 224.1 141zm0 189.6c-41.1 0-74.7-33.5-74.7-74.7s33.5-74.7 74.7-74.7 74.7 33.5 74.7 74.7-33.6 74.7-74.7 74.7zm146.4-194.3c0 14.9-12 26.8-26.8 26.8-14.9 0-26.8-12-26.8-26.8s12-26.8 26.8-26.8 26.8 12 26.8 26.8zm76.1 27.2c-1.7-35.9-9.9-67.7-36.2-93.9-26.2-26.2-58-34.4-93.9-36.2-37-2.1-147.9-2.1-184.9 0-35.8 1.7-67.6 9.9-93.9 36.1s-34.4 58-36.2 93.9c-2.1 37-2.1 147.9 0 184.9 1.7 35.9 9.9 67.7 36.2 93.9s58 34.4 93.9 36.2c37 2.1 147.9 2.1 184.9 0 35.9-1.7 67.7-9.9 93.9-36.2 26.2-26.2 34.4-58 36.2-93.9 2.1-37 2.1-147.8 0-184.8zM398.8 388c-7.8 19.6-22.9 34.7-42.6 42.6-29.5 11.7-99.5 9-132.1 9s-102.7 2.6-132.1-9c-19.6-7.8-34.7-22.9-42.6-42.6-11.7-29.5-9-99.5-9-132.1s-2.6-102.7 9-132.1c7.8-19.6 22.9-34.7 42.6-42.6 29.5-11.7 99.5-9 132.1-9s102.7-2.6 132.1 9c19.6 7.8 34.7 22.9 42.6 42.6 11.7 29.5 9 99.5 9 132.1s2.7 102.7-9 132.1z\"><\/path><\/svg>\t\t\t\t\t\t<\/span>\n\t\t\t\t\t\t\t\t\t\t\t<\/a>\n\t\t\t\t<\/div>\n\t\t\t\t\t\t\t<div class=\"e-link-in-bio__icon is-size-small\">\n\t\t\t\t\t<a aria-label=\"Telephone\" class=\"e-link-in-bio__icon-link\" href=\"tel:+5511916152598?\">\n\t\t\t\t\t\t<span class=\"e-link-in-bio__icon-svg\">\n\t\t\t\t\t\t\t<svg aria-hidden=\"true\" class=\"e-font-icon-svg e-fas-phone-alt\" viewBox=\"0 0 512 512\" xmlns=\"http:\/\/www.w3.org\/2000\/svg\"><path d=\"M497.39 361.8l-112-48a24 24 0 0 0-28 6.9l-49.6 60.6A370.66 370.66 0 0 1 130.6 204.11l60.6-49.6a23.94 23.94 0 0 0 6.9-28l-48-112A24.16 24.16 0 0 0 122.6.61l-104 24A24 24 0 0 0 0 48c0 256.5 207.9 464 464 464a24 24 0 0 0 23.4-18.6l24-104a24.29 24.29 0 0 0-14.01-27.6z\"><\/path><\/svg>\t\t\t\t\t\t<\/span>\n\t\t\t\t\t\t\t\t\t\t\t<\/a>\n\t\t\t\t<\/div>\n\t\t\t\t\t<\/div>\n\t\t\n\t\t<div class=\"e-link-in-bio__ctas has-type-button\">\n\t\t\t\t\t\t\t<a href=\"https:\/\/wa.me\/+5511916152598?text=Ol%C3%A1!%20Gostaria%20de%20Agendar%20uma%20Avalia%C3%A7%C3%A3o.\" target=\"_blank\" rel=\"noopener \" class=\"e-link-in-bio__cta is-type-button has-corners-rounded\">\n\t\t\t\t\t\t\t\t\t\t<span class=\"e-link-in-bio__cta-text\">\n\t\t\t\t\t\tAgende uma avalia\u00e7\u00e3o\t\t\t\t\t<\/span>\n\t\t\t\t<\/a>\n\t\t\t\t\t\t\t<a href=\"https:\/\/salvittafisioterapia.com.br\/\" target=\"_blank\" rel=\"noopener \" class=\"e-link-in-bio__cta is-type-button has-corners-rounded\">\n\t\t\t\t\t\t\t\t\t\t<span class=\"e-link-in-bio__cta-text\">\n\t\t\t\t\t\tConhe\u00e7a nosso trabalho\t\t\t\t\t<\/span>\n\t\t\t\t<\/a>\n\t\t\t\t\t<\/div>\n\t\t\n\t\t\t<\/div>\n\t\t\t<div class=\"e-link-in-bio__bg\">\n\t\t\t\t<div class=\"e-link-in-bio__bg-overlay\"><\/div>\n\t\t\t<\/div>\n\t\t<\/div>\n\t\t\t\t\t\t<\/div>\n\t\t\t\t<\/div>\n\t\t\t\t\t<\/div>\n\t\t\t\t<\/div>\n\t\t\t\t<\/div>\n\t\t","protected":false},"excerpt":{"rendered":"<p>Salvitta Servi\u00e7os de Fisioterapia Servi\u00e7os de Fisioterpia para Idosos Agende uma avalia\u00e7\u00e3o Conhe\u00e7a nosso trabalho<\/p>\n","protected":false},"author":1,"featured_media":0,"parent":0,"menu_order":0,"comment_status":"closed","ping_status":"closed","template":"","meta":{"site-sidebar-layout":"no-sidebar","site-content-layout":"","ast-site-content-layout":"full-width-container","site-content-style":"default","site-sidebar-style":"default","ast-global-header-display":"","ast-banner-title-visibility":"","ast-main-header-display":"","ast-hfb-above-header-display":"","ast-hfb-below-header-display":"","ast-hfb-mobile-header-display":"","site-post-title":"","ast-breadcrumbs-content":"","ast-featured-img":"disabled","footer-sml-layout":"","theme-transparent-header-meta":"","adv-header-id-meta":"","stick-header-meta":"","header-above-stick-meta":"","header-main-stick-meta":"","header-below-stick-meta":"","astra-migrate-meta-layouts":"default","ast-page-background-enabled":"default","ast-page-background-meta":{"desktop":{"background-color":"var(--ast-global-color-5)","background-image":"","background-repeat":"repeat","background-position":"center center","background-size":"auto","background-attachment":"scroll","background-type":"","background-media":"","overlay-type":"","overlay-color":"","overlay-opacity":"","overlay-gradient":""},"tablet":{"background-color":"","background-image":"","background-repeat":"repeat","background-position":"center center","background-size":"auto","background-attachment":"scroll","background-type":"","background-media":"","overlay-type":"","overlay-color":"","overlay-opacity":"","overlay-gradient":""},"mobile":{"background-color":"","background-image":"","background-repeat":"repeat","background-position":"center center","background-size":"auto","background-attachment":"scroll","background-type":"","background-media":"","overlay-type":"","overlay-color":"","overlay-opacity":"","overlay-gradient":""}},"ast-content-background-meta":{"desktop":{"background-color":"var(--ast-global-color-4)","background-image":"","background-repeat":"repeat","background-position":"center center","background-size":"auto","background-attachment":"scroll","background-type":"","background-media":"","overlay-type":"","overlay-color":"","overlay-opacity":"","overlay-gradient":""},"tablet":{"background-color":"var(--ast-global-color-4)","background-image":"","background-repeat":"repeat","background-position":"center center","background-size":"auto","background-attachment":"scroll","background-type":"","background-media":"","overlay-type":"","overlay-color":"","overlay-opacity":"","overlay-gradient":""},"mobile":{"background-color":"var(--ast-global-color-4)","background-image":"","background-repeat":"repeat","background-position":"center center","background-size":"auto","background-attachment":"scroll","background-type":"","background-media":"","overlay-type":"","overlay-color":"","overlay-opacity":"","overlay-gradient":""}},"footnotes":""},"class_list":["post-79","page","type-page","status-publish","hentry"],"yoast_head":"<!-- This site is optimized with the Yoast SEO plugin v27.2 - https:\/\/yoast.com\/product\/yoast-seo-wordpress\/ -->\n<title>Contato Salvitta - Salvitta Fisioterapia<\/title>\n<meta name=\"robots\" content=\"index, follow, max-snippet:-1, max-image-preview:large, max-video-preview:-1\" \/>\n<link rel=\"canonical\" href=\"https:\/\/contato.salvittafisioterapia.com.br\/\" \/>\n<meta property=\"og:locale\" content=\"pt_BR\" \/>\n<meta property=\"og:type\" content=\"article\" \/>\n<meta property=\"og:title\" content=\"Contato Salvitta - Salvitta Fisioterapia\" \/>\n<meta property=\"og:description\" content=\"Salvitta Servi\u00e7os de Fisioterapia Servi\u00e7os de Fisioterpia para Idosos Agende uma avalia\u00e7\u00e3o Conhe\u00e7a nosso trabalho\" \/>\n<meta property=\"og:url\" content=\"https:\/\/contato.salvittafisioterapia.com.br\/\" \/>\n<meta property=\"og:site_name\" content=\"Salvitta Fisioterapia\" \/>\n<meta property=\"article:modified_time\" content=\"2025-09-05T14:57:32+00:00\" \/>\n<meta property=\"og:image\" content=\"https:\/\/contato.salvittafisioterapia.com.br\/wp-content\/uploads\/2025\/08\/Salvitta-42x46.png\" \/>\n<meta name=\"twitter:card\" content=\"summary_large_image\" \/>\n<meta name=\"twitter:label1\" content=\"Est. tempo de leitura\" \/>\n\t<meta name=\"twitter:data1\" content=\"1 minuto\" \/>\n<script type=\"application\/ld+json\" class=\"yoast-schema-graph\">{\"@context\":\"https:\/\/schema.org\",\"@graph\":[{\"@type\":\"WebPage\",\"@id\":\"https:\/\/contato.salvittafisioterapia.com.br\/\",\"url\":\"https:\/\/contato.salvittafisioterapia.com.br\/\",\"name\":\"Contato Salvitta - Salvitta Fisioterapia\",\"isPartOf\":{\"@id\":\"https:\/\/contato.salvittafisioterapia.com.br\/#website\"},\"primaryImageOfPage\":{\"@id\":\"https:\/\/contato.salvittafisioterapia.com.br\/#primaryimage\"},\"image\":{\"@id\":\"https:\/\/contato.salvittafisioterapia.com.br\/#primaryimage\"},\"thumbnailUrl\":\"https:\/\/contato.salvittafisioterapia.com.br\/wp-content\/uploads\/2025\/08\/Salvitta-42x46.png\",\"datePublished\":\"2025-08-23T16:03:30+00:00\",\"dateModified\":\"2025-09-05T14:57:32+00:00\",\"breadcrumb\":{\"@id\":\"https:\/\/contato.salvittafisioterapia.com.br\/#breadcrumb\"},\"inLanguage\":\"pt-BR\",\"potentialAction\":[{\"@type\":\"ReadAction\",\"target\":[\"https:\/\/contato.salvittafisioterapia.com.br\/\"]}]},{\"@type\":\"ImageObject\",\"inLanguage\":\"pt-BR\",\"@id\":\"https:\/\/contato.salvittafisioterapia.com.br\/#primaryimage\",\"url\":\"https:\/\/contato.salvittafisioterapia.com.br\/wp-content\/uploads\/2025\/08\/Salvitta.png\",\"contentUrl\":\"https:\/\/contato.salvittafisioterapia.com.br\/wp-content\/uploads\/2025\/08\/Salvitta.png\",\"width\":735,\"height\":812},{\"@type\":\"BreadcrumbList\",\"@id\":\"https:\/\/contato.salvittafisioterapia.com.br\/#breadcrumb\",\"itemListElement\":[{\"@type\":\"ListItem\",\"position\":1,\"name\":\"In\u00edcio\",\"item\":\"https:\/\/contato.salvittafisioterapia.com.br\/\"},{\"@type\":\"ListItem\",\"position\":2,\"name\":\"Contato Salvitta\"}]},{\"@type\":\"WebSite\",\"@id\":\"https:\/\/contato.salvittafisioterapia.com.br\/#website\",\"url\":\"https:\/\/contato.salvittafisioterapia.com.br\/\",\"name\":\"Salvitta Fisioterapia\",\"description\":\"Salvitta Fisioterapia\",\"publisher\":{\"@id\":\"https:\/\/contato.salvittafisioterapia.com.br\/#organization\"},\"potentialAction\":[{\"@type\":\"SearchAction\",\"target\":{\"@type\":\"EntryPoint\",\"urlTemplate\":\"https:\/\/contato.salvittafisioterapia.com.br\/?s={search_term_string}\"},\"query-input\":{\"@type\":\"PropertyValueSpecification\",\"valueRequired\":true,\"valueName\":\"search_term_string\"}}],\"inLanguage\":\"pt-BR\"},{\"@type\":\"Organization\",\"@id\":\"https:\/\/contato.salvittafisioterapia.com.br\/#organization\",\"name\":\"Salvitta Fisioterapia\",\"url\":\"https:\/\/contato.salvittafisioterapia.com.br\/\",\"logo\":{\"@type\":\"ImageObject\",\"inLanguage\":\"pt-BR\",\"@id\":\"https:\/\/contato.salvittafisioterapia.com.br\/#\/schema\/logo\/image\/\",\"url\":\"https:\/\/contato.salvittafisioterapia.com.br\/wp-content\/uploads\/2025\/08\/Salvitta.png\",\"contentUrl\":\"https:\/\/contato.salvittafisioterapia.com.br\/wp-content\/uploads\/2025\/08\/Salvitta.png\",\"width\":735,\"height\":812,\"caption\":\"Salvitta Fisioterapia\"},\"image\":{\"@id\":\"https:\/\/contato.salvittafisioterapia.com.br\/#\/schema\/logo\/image\/\"}}]}<\/script>\n<!-- \/ Yoast SEO plugin. -->","yoast_head_json":{"title":"Contato Salvitta - Salvitta Fisioterapia","robots":{"index":"index","follow":"follow","max-snippet":"max-snippet:-1","max-image-preview":"max-image-preview:large","max-video-preview":"max-video-preview:-1"},"canonical":"https:\/\/contato.salvittafisioterapia.com.br\/","og_locale":"pt_BR","og_type":"article","og_title":"Contato Salvitta - Salvitta Fisioterapia","og_description":"Salvitta Servi\u00e7os de Fisioterapia Servi\u00e7os de Fisioterpia para Idosos Agende uma avalia\u00e7\u00e3o Conhe\u00e7a nosso trabalho","og_url":"https:\/\/contato.salvittafisioterapia.com.br\/","og_site_name":"Salvitta Fisioterapia","article_modified_time":"2025-09-05T14:57:32+00:00","og_image":[{"url":"https:\/\/contato.salvittafisioterapia.com.br\/wp-content\/uploads\/2025\/08\/Salvitta-42x46.png","type":"","width":"","height":""}],"twitter_card":"summary_large_image","twitter_misc":{"Est. tempo de leitura":"1 minuto"},"schema":{"@context":"https:\/\/schema.org","@graph":[{"@type":"WebPage","@id":"https:\/\/contato.salvittafisioterapia.com.br\/","url":"https:\/\/contato.salvittafisioterapia.com.br\/","name":"Contato Salvitta - Salvitta Fisioterapia","isPartOf":{"@id":"https:\/\/contato.salvittafisioterapia.com.br\/#website"},"primaryImageOfPage":{"@id":"https:\/\/contato.salvittafisioterapia.com.br\/#primaryimage"},"image":{"@id":"https:\/\/contato.salvittafisioterapia.com.br\/#primaryimage"},"thumbnailUrl":"https:\/\/contato.salvittafisioterapia.com.br\/wp-content\/uploads\/2025\/08\/Salvitta-42x46.png","datePublished":"2025-08-23T16:03:30+00:00","dateModified":"2025-09-05T14:57:32+00:00","breadcrumb":{"@id":"https:\/\/contato.salvittafisioterapia.com.br\/#breadcrumb"},"inLanguage":"pt-BR","potentialAction":[{"@type":"ReadAction","target":["https:\/\/contato.salvittafisioterapia.com.br\/"]}]},{"@type":"ImageObject","inLanguage":"pt-BR","@id":"https:\/\/contato.salvittafisioterapia.com.br\/#primaryimage","url":"https:\/\/contato.salvittafisioterapia.com.br\/wp-content\/uploads\/2025\/08\/Salvitta.png","contentUrl":"https:\/\/contato.salvittafisioterapia.com.br\/wp-content\/uploads\/2025\/08\/Salvitta.png","width":735,"height":812},{"@type":"BreadcrumbList","@id":"https:\/\/contato.salvittafisioterapia.com.br\/#breadcrumb","itemListElement":[{"@type":"ListItem","position":1,"name":"In\u00edcio","item":"https:\/\/contato.salvittafisioterapia.com.br\/"},{"@type":"ListItem","position":2,"name":"Contato Salvitta"}]},{"@type":"WebSite","@id":"https:\/\/contato.salvittafisioterapia.com.br\/#website","url":"https:\/\/contato.salvittafisioterapia.com.br\/","name":"Salvitta Fisioterapia","description":"Salvitta Fisioterapia","publisher":{"@id":"https:\/\/contato.salvittafisioterapia.com.br\/#organization"},"potentialAction":[{"@type":"SearchAction","target":{"@type":"EntryPoint","urlTemplate":"https:\/\/contato.salvittafisioterapia.com.br\/?s={search_term_string}"},"query-input":{"@type":"PropertyValueSpecification","valueRequired":true,"valueName":"search_term_string"}}],"inLanguage":"pt-BR"},{"@type":"Organization","@id":"https:\/\/contato.salvittafisioterapia.com.br\/#organization","name":"Salvitta Fisioterapia","url":"https:\/\/contato.salvittafisioterapia.com.br\/","logo":{"@type":"ImageObject","inLanguage":"pt-BR","@id":"https:\/\/contato.salvittafisioterapia.com.br\/#\/schema\/logo\/image\/","url":"https:\/\/contato.salvittafisioterapia.com.br\/wp-content\/uploads\/2025\/08\/Salvitta.png","contentUrl":"https:\/\/contato.salvittafisioterapia.com.br\/wp-content\/uploads\/2025\/08\/Salvitta.png","width":735,"height":812,"caption":"Salvitta Fisioterapia"},"image":{"@id":"https:\/\/contato.salvittafisioterapia.com.br\/#\/schema\/logo\/image\/"}}]}},"_links":{"self":[{"href":"https:\/\/contato.salvittafisioterapia.com.br\/index.php?rest_route=\/wp\/v2\/pages\/79","targetHints":{"allow":["GET"]}}],"collection":[{"href":"https:\/\/contato.salvittafisioterapia.com.br\/index.php?rest_route=\/wp\/v2\/pages"}],"about":[{"href":"https:\/\/contato.salvittafisioterapia.com.br\/index.php?rest_route=\/wp\/v2\/types\/page"}],"author":[{"embeddable":true,"href":"https:\/\/contato.salvittafisioterapia.com.br\/index.php?rest_route=\/wp\/v2\/users\/1"}],"replies":[{"embeddable":true,"href":"https:\/\/contato.salvittafisioterapia.com.br\/index.php?rest_route=%2Fwp%2Fv2%2Fcomments&post=79"}],"version-history":[{"count":11,"href":"https:\/\/contato.salvittafisioterapia.com.br\/index.php?rest_route=\/wp\/v2\/pages\/79\/revisions"}],"predecessor-version":[{"id":92,"href":"https:\/\/contato.salvittafisioterapia.com.br\/index.php?rest_route=\/wp\/v2\/pages\/79\/revisions\/92"}],"wp:attachment":[{"href":"https:\/\/contato.salvittafisioterapia.com.br\/index.php?rest_route=%2Fwp%2Fv2%2Fmedia&parent=79"}],"curies":[{"name":"wp","href":"https:\/\/api.w.org\/{rel}","templated":true}]}}